{"id":676,"date":"2026-01-13T23:01:22","date_gmt":"2026-01-13T23:01:22","guid":{"rendered":"https:\/\/marcoparis.lat\/index.php\/blog-3\/"},"modified":"2026-01-13T23:02:21","modified_gmt":"2026-01-13T23:02:21","slug":"blog-3","status":"publish","type":"page","link":"https:\/\/marcoparis.lat\/index.php\/blog-3\/","title":{"rendered":"BLOG"},"content":{"rendered":"\t\t<div data-elementor-type=\"wp-page\" data-elementor-id=\"676\" class=\"elementor elementor-676\" data-elementor-post-type=\"page\">\n\t\t\t\t<div class=\"elementor-element elementor-element-265a10e e-flex e-con-boxed e-con e-parent\" data-id=\"265a10e\" data-element_type=\"container\">\n\t\t\t\t\t<div class=\"e-con-inner\">\n\t\t<div class=\"elementor-element elementor-element-609a2f38 e-con-full e-flex e-con e-child\" data-id=\"609a2f38\" data-element_type=\"container\">\n\t\t\t\t<div class=\"elementor-element elementor-element-d129883 elementor-grid-2 elementor-grid-tablet-2 elementor-grid-mobile-1 elementor-posts--thumbnail-top elementor-card-shadow-yes elementor-posts__hover-gradient elementor-widget elementor-widget-posts\" data-id=\"d129883\" data-element_type=\"widget\" data-settings=\"{&quot;cards_columns&quot;:&quot;2&quot;,&quot;cards_columns_tablet&quot;:&quot;2&quot;,&quot;cards_columns_mobile&quot;:&quot;1&quot;,&quot;cards_row_gap&quot;:{&quot;unit&quot;:&quot;px&quot;,&quot;size&quot;:35,&quot;sizes&quot;:[]},&quot;cards_row_gap_tablet&quot;:{&quot;unit&quot;:&quot;px&quot;,&quot;size&quot;:&quot;&quot;,&quot;sizes&quot;:[]},&quot;cards_row_gap_mobile&quot;:{&quot;unit&quot;:&quot;px&quot;,&quot;size&quot;:&quot;&quot;,&quot;sizes&quot;:[]}}\" data-widget_type=\"posts.cards\">\n\t\t\t\t<div class=\"elementor-widget-container\">\n\t\t\t\t\t\t\t<div class=\"elementor-posts-container elementor-posts elementor-posts--skin-cards elementor-grid\" role=\"list\">\n\t\t\t\t<article class=\"elementor-post elementor-grid-item post-634 post type-post status-publish format-standard has-post-thumbnail hentry category-uncategorized\" role=\"listitem\">\n\t\t\t<div class=\"elementor-post__card\">\n\t\t\t\t<a class=\"elementor-post__thumbnail__link\" href=\"https:\/\/marcoparis.lat\/index.php\/2026\/01\/13\/por-que-tu-internet-no-va-tan-rapido-guia-para-medir-y-entender-la-velocidad-de-conexion-3\/\" tabindex=\"-1\" ><div class=\"elementor-post__thumbnail\"><img fetchpriority=\"high\" decoding=\"async\" width=\"300\" height=\"169\" src=\"https:\/\/marcoparis.lat\/wp-content\/uploads\/2026\/01\/PORTADA-DE-VELOCIDAD-3-300x169.jpg\" class=\"attachment-medium size-medium wp-image-645\" alt=\"\" srcset=\"https:\/\/marcoparis.lat\/wp-content\/uploads\/2026\/01\/PORTADA-DE-VELOCIDAD-3-300x169.jpg 300w, https:\/\/marcoparis.lat\/wp-content\/uploads\/2026\/01\/PORTADA-DE-VELOCIDAD-3-1024x576.jpg 1024w, https:\/\/marcoparis.lat\/wp-content\/uploads\/2026\/01\/PORTADA-DE-VELOCIDAD-3-768x432.jpg 768w, https:\/\/marcoparis.lat\/wp-content\/uploads\/2026\/01\/PORTADA-DE-VELOCIDAD-3-1536x864.jpg 1536w, https:\/\/marcoparis.lat\/wp-content\/uploads\/2026\/01\/PORTADA-DE-VELOCIDAD-3.jpg 1920w\" sizes=\"(max-width: 300px) 100vw, 300px\" \/><\/div><\/a>\n\t\t\t\t<div class=\"elementor-post__badge\">Uncategorized<\/div>\n\t\t\t\t<div class=\"elementor-post__text\">\n\t\t\t\t<h3 class=\"elementor-post__title\">\n\t\t\t<a href=\"https:\/\/marcoparis.lat\/index.php\/2026\/01\/13\/por-que-tu-internet-no-va-tan-rapido-guia-para-medir-y-entender-la-velocidad-de-conexion-3\/\" >\n\t\t\t\t\u00bfPor qu\u00e9 tu Internet no va tan r\u00e1pido? Gu\u00eda para medir y entender la velocidad de conexi\u00f3n.\t\t\t<\/a>\n\t\t<\/h3>\n\t\t\t\t<div class=\"elementor-post__excerpt\">\n\t\t\t<p>\u00bfPor qu\u00e9 tu Internet no va tan r\u00e1pido? Gu\u00eda para medir y entender la velocidad de conexi\u00f3n. Hoy en d\u00eda,<\/p>\n\t\t<\/div>\n\t\t\n\t\t<a class=\"elementor-post__read-more\" href=\"https:\/\/marcoparis.lat\/index.php\/2026\/01\/13\/por-que-tu-internet-no-va-tan-rapido-guia-para-medir-y-entender-la-velocidad-de-conexion-3\/\" aria-label=\"Read more about \u00bfPor qu\u00e9 tu Internet no va tan r\u00e1pido? Gu\u00eda para medir y entender la velocidad de conexi\u00f3n.\" tabindex=\"-1\" >\n\t\t\tLeer m\u00e1s\t\t<\/a>\n\n\t\t\t\t<\/div>\n\t\t\t\t<div class=\"elementor-post__meta-data\">\n\t\t\t\t\t<span class=\"elementor-post-date\">\n\t\t\tJanuary 13, 2026\t\t<\/span>\n\t\t\t\t<\/div>\n\t\t\t\t\t<\/div>\n\t\t<\/article>\n\t\t\t\t<article class=\"elementor-post elementor-grid-item post-613 post type-post status-publish format-standard has-post-thumbnail hentry category-uncategorized\" role=\"listitem\">\n\t\t\t<div class=\"elementor-post__card\">\n\t\t\t\t<a class=\"elementor-post__thumbnail__link\" href=\"https:\/\/marcoparis.lat\/index.php\/2026\/01\/13\/internet-de-fibra-optica-con-iptv-en-san-juan-de-lurigancho-la-mejor-conexion-y-entretenimiento-a-tu-alcance-3\/\" tabindex=\"-1\" ><div class=\"elementor-post__thumbnail\"><img decoding=\"async\" width=\"300\" height=\"169\" src=\"https:\/\/marcoparis.lat\/wp-content\/uploads\/2026\/01\/maxresdefault-3-300x169.jpg\" class=\"attachment-medium size-medium wp-image-622\" alt=\"\" srcset=\"https:\/\/marcoparis.lat\/wp-content\/uploads\/2026\/01\/maxresdefault-3-300x169.jpg 300w, https:\/\/marcoparis.lat\/wp-content\/uploads\/2026\/01\/maxresdefault-3-1024x576.jpg 1024w, https:\/\/marcoparis.lat\/wp-content\/uploads\/2026\/01\/maxresdefault-3-768x432.jpg 768w, https:\/\/marcoparis.lat\/wp-content\/uploads\/2026\/01\/maxresdefault-3.jpg 1280w\" sizes=\"(max-width: 300px) 100vw, 300px\" \/><\/div><\/a>\n\t\t\t\t<div class=\"elementor-post__badge\">Uncategorized<\/div>\n\t\t\t\t<div class=\"elementor-post__text\">\n\t\t\t\t<h3 class=\"elementor-post__title\">\n\t\t\t<a href=\"https:\/\/marcoparis.lat\/index.php\/2026\/01\/13\/internet-de-fibra-optica-con-iptv-en-san-juan-de-lurigancho-la-mejor-conexion-y-entretenimiento-a-tu-alcance-3\/\" >\n\t\t\t\tInternet de Fibra \u00d3ptica con IPTV en San Juan de Lurigancho: \u00a1La Mejor Conexi\u00f3n y Entretenimiento a tu Alcance!\t\t\t<\/a>\n\t\t<\/h3>\n\t\t\t\t<div class=\"elementor-post__excerpt\">\n\t\t\t<p>Internet de Fibra \u00d3ptica con IPTV en San Juan de Lurigancho: \u00a1La Mejor Conexi\u00f3n y Entretenimiento a tu Alcance! San<\/p>\n\t\t<\/div>\n\t\t\n\t\t<a class=\"elementor-post__read-more\" href=\"https:\/\/marcoparis.lat\/index.php\/2026\/01\/13\/internet-de-fibra-optica-con-iptv-en-san-juan-de-lurigancho-la-mejor-conexion-y-entretenimiento-a-tu-alcance-3\/\" aria-label=\"Read more about Internet de Fibra \u00d3ptica con IPTV en San Juan de Lurigancho: \u00a1La Mejor Conexi\u00f3n y Entretenimiento a tu Alcance!\" tabindex=\"-1\" >\n\t\t\tLeer m\u00e1s\t\t<\/a>\n\n\t\t\t\t<\/div>\n\t\t\t\t<div class=\"elementor-post__meta-data\">\n\t\t\t\t\t<span class=\"elementor-post-date\">\n\t\t\tJanuary 13, 2026\t\t<\/span>\n\t\t\t\t<\/div>\n\t\t\t\t\t<\/div>\n\t\t<\/article>\n\t\t\t\t<article class=\"elementor-post elementor-grid-item post-605 post type-post status-publish format-standard hentry category-uncategorized tag-wifi\" role=\"listitem\">\n\t\t\t<div class=\"elementor-post__card\">\n\t\t\t\t<div class=\"elementor-post__text\">\n\t\t\t\t<h3 class=\"elementor-post__title\">\n\t\t\t<a href=\"https:\/\/marcoparis.lat\/index.php\/2026\/01\/13\/cual-es-la-diferencia-entre-las-redes-wifi-de-2-4-ghz-y-5-ghz-3\/\" >\n\t\t\t\t\u00bfCu\u00e1l es la diferencia entre las redes WiFi de 2.4 GHz y 5 GHz?\t\t\t<\/a>\n\t\t<\/h3>\n\t\t\t\t<div class=\"elementor-post__excerpt\">\n\t\t\t<p>\u00bfCu\u00e1l es la diferencia entre las redes WiFi de 2.4 GHz y 5 GHz? \u00bfC\u00f3mo saber cu\u00e1l es la mejor<\/p>\n\t\t<\/div>\n\t\t\n\t\t<a class=\"elementor-post__read-more\" href=\"https:\/\/marcoparis.lat\/index.php\/2026\/01\/13\/cual-es-la-diferencia-entre-las-redes-wifi-de-2-4-ghz-y-5-ghz-3\/\" aria-label=\"Read more about \u00bfCu\u00e1l es la diferencia entre las redes WiFi de 2.4 GHz y 5 GHz?\" tabindex=\"-1\" >\n\t\t\tLeer m\u00e1s\t\t<\/a>\n\n\t\t\t\t<\/div>\n\t\t\t\t<div class=\"elementor-post__meta-data\">\n\t\t\t\t\t<span class=\"elementor-post-date\">\n\t\t\tJanuary 13, 2026\t\t<\/span>\n\t\t\t\t<\/div>\n\t\t\t\t\t<\/div>\n\t\t<\/article>\n\t\t\t\t<article class=\"elementor-post elementor-grid-item post-588 post type-post status-publish format-standard has-post-thumbnail hentry category-uncategorized\" role=\"listitem\">\n\t\t\t<div class=\"elementor-post__card\">\n\t\t\t\t<a class=\"elementor-post__thumbnail__link\" href=\"https:\/\/marcoparis.lat\/index.php\/2026\/01\/13\/phishing-un-peligro-de-internet-3\/\" tabindex=\"-1\" ><div class=\"elementor-post__thumbnail\"><img decoding=\"async\" width=\"300\" height=\"157\" src=\"https:\/\/marcoparis.lat\/wp-content\/uploads\/2026\/01\/1705857513006-3-300x157.png\" class=\"attachment-medium size-medium wp-image-600\" alt=\"\" srcset=\"https:\/\/marcoparis.lat\/wp-content\/uploads\/2026\/01\/1705857513006-3-300x157.png 300w, https:\/\/marcoparis.lat\/wp-content\/uploads\/2026\/01\/1705857513006-3.png 728w\" sizes=\"(max-width: 300px) 100vw, 300px\" \/><\/div><\/a>\n\t\t\t\t<div class=\"elementor-post__badge\">Uncategorized<\/div>\n\t\t\t\t<div class=\"elementor-post__text\">\n\t\t\t\t<h3 class=\"elementor-post__title\">\n\t\t\t<a href=\"https:\/\/marcoparis.lat\/index.php\/2026\/01\/13\/phishing-un-peligro-de-internet-3\/\" >\n\t\t\t\tPHISHING: Un peligro de internet\t\t\t<\/a>\n\t\t<\/h3>\n\t\t\t\t<div class=\"elementor-post__excerpt\">\n\t\t\t<p>PHISHING Un peligro de Internet El phishing es una forma de robo cibern\u00e9tico que pone en peligro tu informaci\u00f3n personal.<\/p>\n\t\t<\/div>\n\t\t\n\t\t<a class=\"elementor-post__read-more\" href=\"https:\/\/marcoparis.lat\/index.php\/2026\/01\/13\/phishing-un-peligro-de-internet-3\/\" aria-label=\"Read more about PHISHING: Un peligro de internet\" tabindex=\"-1\" >\n\t\t\tLeer m\u00e1s\t\t<\/a>\n\n\t\t\t\t<\/div>\n\t\t\t\t<div class=\"elementor-post__meta-data\">\n\t\t\t\t\t<span class=\"elementor-post-date\">\n\t\t\tJanuary 13, 2026\t\t<\/span>\n\t\t\t\t<\/div>\n\t\t\t\t\t<\/div>\n\t\t<\/article>\n\t\t\t\t<article class=\"elementor-post elementor-grid-item post-580 post type-post status-publish format-standard has-post-thumbnail hentry category-uncategorized\" role=\"listitem\">\n\t\t\t<div class=\"elementor-post__card\">\n\t\t\t\t<a class=\"elementor-post__thumbnail__link\" href=\"https:\/\/marcoparis.lat\/index.php\/2026\/01\/13\/por-que-tu-internet-no-va-tan-rapido-guia-para-medir-y-entender-la-velocidad-de-conexion-2\/\" tabindex=\"-1\" ><div class=\"elementor-post__thumbnail\"><img loading=\"lazy\" decoding=\"async\" width=\"300\" height=\"169\" src=\"https:\/\/marcoparis.lat\/wp-content\/uploads\/2026\/01\/PORTADA-DE-VELOCIDAD-2-300x169.jpg\" class=\"attachment-medium size-medium wp-image-590\" alt=\"\" srcset=\"https:\/\/marcoparis.lat\/wp-content\/uploads\/2026\/01\/PORTADA-DE-VELOCIDAD-2-300x169.jpg 300w, https:\/\/marcoparis.lat\/wp-content\/uploads\/2026\/01\/PORTADA-DE-VELOCIDAD-2-1024x576.jpg 1024w, https:\/\/marcoparis.lat\/wp-content\/uploads\/2026\/01\/PORTADA-DE-VELOCIDAD-2-768x432.jpg 768w, https:\/\/marcoparis.lat\/wp-content\/uploads\/2026\/01\/PORTADA-DE-VELOCIDAD-2-1536x864.jpg 1536w, https:\/\/marcoparis.lat\/wp-content\/uploads\/2026\/01\/PORTADA-DE-VELOCIDAD-2.jpg 1920w\" sizes=\"(max-width: 300px) 100vw, 300px\" \/><\/div><\/a>\n\t\t\t\t<div class=\"elementor-post__badge\">Uncategorized<\/div>\n\t\t\t\t<div class=\"elementor-post__text\">\n\t\t\t\t<h3 class=\"elementor-post__title\">\n\t\t\t<a href=\"https:\/\/marcoparis.lat\/index.php\/2026\/01\/13\/por-que-tu-internet-no-va-tan-rapido-guia-para-medir-y-entender-la-velocidad-de-conexion-2\/\" >\n\t\t\t\t\u00bfPor qu\u00e9 tu Internet no va tan r\u00e1pido? Gu\u00eda para medir y entender la velocidad de conexi\u00f3n.\t\t\t<\/a>\n\t\t<\/h3>\n\t\t\t\t<div class=\"elementor-post__excerpt\">\n\t\t\t\t\t<\/div>\n\t\t\n\t\t<a class=\"elementor-post__read-more\" href=\"https:\/\/marcoparis.lat\/index.php\/2026\/01\/13\/por-que-tu-internet-no-va-tan-rapido-guia-para-medir-y-entender-la-velocidad-de-conexion-2\/\" aria-label=\"Read more about \u00bfPor qu\u00e9 tu Internet no va tan r\u00e1pido? Gu\u00eda para medir y entender la velocidad de conexi\u00f3n.\" tabindex=\"-1\" >\n\t\t\tLeer m\u00e1s\t\t<\/a>\n\n\t\t\t\t<\/div>\n\t\t\t\t<div class=\"elementor-post__meta-data\">\n\t\t\t\t\t<span class=\"elementor-post-date\">\n\t\t\tJanuary 13, 2026\t\t<\/span>\n\t\t\t\t<\/div>\n\t\t\t\t\t<\/div>\n\t\t<\/article>\n\t\t\t\t<article class=\"elementor-post elementor-grid-item post-573 post type-post status-publish format-standard has-post-thumbnail hentry category-uncategorized\" role=\"listitem\">\n\t\t\t<div class=\"elementor-post__card\">\n\t\t\t\t<a class=\"elementor-post__thumbnail__link\" href=\"https:\/\/marcoparis.lat\/index.php\/2026\/01\/13\/hoy-se-realizo-el-sorteo-de-la-liga-1-y-asi-quedo-el-fixture-del-torneo-apertura-3\/\" tabindex=\"-1\" ><div class=\"elementor-post__thumbnail\"><img loading=\"lazy\" decoding=\"async\" width=\"300\" height=\"169\" src=\"https:\/\/marcoparis.lat\/wp-content\/uploads\/2026\/01\/Liga-1-max-3-300x169.png\" class=\"attachment-medium size-medium wp-image-585\" alt=\"\" srcset=\"https:\/\/marcoparis.lat\/wp-content\/uploads\/2026\/01\/Liga-1-max-3-300x169.png 300w, https:\/\/marcoparis.lat\/wp-content\/uploads\/2026\/01\/Liga-1-max-3.png 384w\" sizes=\"(max-width: 300px) 100vw, 300px\" \/><\/div><\/a>\n\t\t\t\t<div class=\"elementor-post__badge\">Uncategorized<\/div>\n\t\t\t\t<div class=\"elementor-post__text\">\n\t\t\t\t<h3 class=\"elementor-post__title\">\n\t\t\t<a href=\"https:\/\/marcoparis.lat\/index.php\/2026\/01\/13\/hoy-se-realizo-el-sorteo-de-la-liga-1-y-asi-quedo-el-fixture-del-torneo-apertura-3\/\" >\n\t\t\t\tHoy se realiz\u00f3 el sorteo de la Liga 1 y as\u00ed quedo el fixture del torneo apertura \u00a0\t\t\t<\/a>\n\t\t<\/h3>\n\t\t\t\t<div class=\"elementor-post__excerpt\">\n\t\t\t<p>Hoy se realiz\u00f3 el sorteo de la Liga 1 y as\u00ed quedo el fixture del torneo apertura Este martes 14<\/p>\n\t\t<\/div>\n\t\t\n\t\t<a class=\"elementor-post__read-more\" href=\"https:\/\/marcoparis.lat\/index.php\/2026\/01\/13\/hoy-se-realizo-el-sorteo-de-la-liga-1-y-asi-quedo-el-fixture-del-torneo-apertura-3\/\" aria-label=\"Read more about Hoy se realiz\u00f3 el sorteo de la Liga 1 y as\u00ed quedo el fixture del torneo apertura \u00a0\" tabindex=\"-1\" >\n\t\t\tLeer m\u00e1s\t\t<\/a>\n\n\t\t\t\t<\/div>\n\t\t\t\t<div class=\"elementor-post__meta-data\">\n\t\t\t\t\t<span class=\"elementor-post-date\">\n\t\t\tJanuary 13, 2026\t\t<\/span>\n\t\t\t\t<\/div>\n\t\t\t\t\t<\/div>\n\t\t<\/article>\n\t\t\t\t<\/div>\n\t\t\n\t\t\t\t\t\t<\/div>\n\t\t\t\t<\/div>\n\t\t\t\t<\/div>\n\t\t<div class=\"elementor-element elementor-element-603fc7b8 e-con-full e-flex e-con e-child\" data-id=\"603fc7b8\" data-element_type=\"container\">\n\t\t\t\t<div class=\"elementor-element elementor-element-15e51 elementor-widget elementor-widget-search\" data-id=\"15e51\" data-element_type=\"widget\" data-settings=\"{&quot;submit_trigger&quot;:&quot;click_submit&quot;,&quot;pagination_type_options&quot;:&quot;none&quot;}\" data-widget_type=\"search.default\">\n\t\t\t\t\t\t\t<search class=\"e-search hidden\" role=\"search\">\n\t\t\t<form class=\"e-search-form\" action=\"https:\/\/marcoparis.lat\" method=\"get\">\n\n\t\t\t\t\n\t\t\t\t<label class=\"e-search-label\" for=\"search-15e51\">\n\t\t\t\t\t<span class=\"elementor-screen-only\">\n\t\t\t\t\t\tSearch\t\t\t\t\t<\/span>\n\t\t\t\t\t\t\t\t\t<\/label>\n\n\t\t\t\t<div class=\"e-search-input-wrapper\">\n\t\t\t\t\t<input id=\"search-15e51\" placeholder=\"Buscar\" class=\"e-search-input\" type=\"search\" name=\"s\" value=\"\" autocomplete=\"off\" role=\"combobox\" aria-autocomplete=\"list\" aria-expanded=\"false\" aria-controls=\"results-15e51\" aria-haspopup=\"listbox\">\n\t\t\t\t\t<svg aria-hidden=\"true\" class=\"e-font-icon-svg e-fas-times\" viewBox=\"0 0 352 512\" xmlns=\"http:\/\/www.w3.org\/2000\/svg\"><path d=\"M242.72 256l100.07-100.07c12.28-12.28 12.28-32.19 0-44.48l-22.24-22.24c-12.28-12.28-32.19-12.28-44.48 0L176 189.28 75.93 89.21c-12.28-12.28-32.19-12.28-44.48 0L9.21 111.45c-12.28 12.28-12.28 32.19 0 44.48L109.28 256 9.21 356.07c-12.28 12.28-12.28 32.19 0 44.48l22.24 22.24c12.28 12.28 32.2 12.28 44.48 0L176 322.72l100.07 100.07c12.28 12.28 32.2 12.28 44.48 0l22.24-22.24c12.28-12.28 12.28-32.19 0-44.48L242.72 256z\"><\/path><\/svg>\t\t\t\t\t\t\t\t\t\t<output id=\"results-15e51\" class=\"e-search-results-container hide-loader\" aria-live=\"polite\" aria-atomic=\"true\" aria-label=\"Results for search\" tabindex=\"0\">\n\t\t\t\t\t\t<div class=\"e-search-results\"><\/div>\n\t\t\t\t\t\t\t\t\t\t\t<\/output>\n\t\t\t\t\t\t\t\t\t<\/div>\n\t\t\t\t\n\t\t\t\t\n\t\t\t\t<button class=\"e-search-submit  \" type=\"submit\" aria-label=\"Search\">\n\t\t\t\t\t<svg aria-hidden=\"true\" class=\"e-font-icon-svg e-fas-search\" viewBox=\"0 0 512 512\" xmlns=\"http:\/\/www.w3.org\/2000\/svg\"><path d=\"M505 442.7L405.3 343c-4.5-4.5-10.6-7-17-7H372c27.6-35.3 44-79.7 44-128C416 93.1 322.9 0 208 0S0 93.1 0 208s93.1 208 208 208c48.3 0 92.7-16.4 128-44v16.3c0 6.4 2.5 12.5 7 17l99.7 99.7c9.4 9.4 24.6 9.4 33.9 0l28.3-28.3c9.4-9.4 9.4-24.6.1-34zM208 336c-70.7 0-128-57.2-128-128 0-70.7 57.2-128 128-128 70.7 0 128 57.2 128 128 0 70.7-57.2 128-128 128z\"><\/path><\/svg>\n\t\t\t\t\t\t\t\t\t<\/button>\n\t\t\t\t<input type=\"hidden\" name=\"e_search_props\" value=\"15e51-676\">\n\t\t\t<\/form>\n\t\t<\/search>\n\t\t\t\t\t\t<\/div>\n\t\t\t\t<\/div>\n\t\t\t\t\t<\/div>\n\t\t\t\t<\/div>\n\t\t\t\t<\/div>\n\t\t","protected":false},"excerpt":{"rendered":"<p>Search<\/p>\n","protected":false},"author":1,"featured_media":0,"parent":0,"menu_order":0,"comment_status":"closed","ping_status":"closed","template":"elementor_header_footer","meta":{"site-sidebar-layout":"no-sidebar","site-content-layout":"","ast-site-content-layout":"full-width-container","site-content-style":"default","site-sidebar-style":"default","ast-global-header-display":"","ast-banner-title-visibility":"","ast-main-header-display":"","ast-hfb-above-header-display":"","ast-hfb-below-header-display":"","ast-hfb-mobile-header-display":"","site-post-title":"disabled","ast-breadcrumbs-content":"","ast-featured-img":"disabled","footer-sml-layout":"","ast-disable-related-posts":"","theme-transparent-header-meta":"","adv-header-id-meta":"","stick-header-meta":"","header-above-stick-meta":"","header-main-stick-meta":"","header-below-stick-meta":"","astra-migrate-meta-layouts":"default","ast-page-background-enabled":"default","ast-page-background-meta":{"desktop":{"background-color":"var(--ast-global-color-5)","background-image":"","background-repeat":"repeat","background-position":"center center","background-size":"auto","background-attachment":"scroll","background-type":"","background-media":"","overlay-type":"","overlay-color":"","overlay-opacity":"","overlay-gradient":""},"tablet":{"background-color":"","background-image":"","background-repeat":"repeat","background-position":"center center","background-size":"auto","background-attachment":"scroll","background-type":"","background-media":"","overlay-type":"","overlay-color":"","overlay-opacity":"","overlay-gradient":""},"mobile":{"background-color":"","background-image":"","background-repeat":"repeat","background-position":"center center","background-size":"auto","background-attachment":"scroll","background-type":"","background-media":"","overlay-type":"","overlay-color":"","overlay-opacity":"","overlay-gradient":""}},"ast-content-background-meta":{"desktop":{"background-color":"var(--ast-global-color-4)","background-image":"","background-repeat":"repeat","background-position":"center center","background-size":"auto","background-attachment":"scroll","background-type":"","background-media":"","overlay-type":"","overlay-color":"","overlay-opacity":"","overlay-gradient":""},"tablet":{"background-color":"var(--ast-global-color-4)","background-image":"","background-repeat":"repeat","background-position":"center center","background-size":"auto","background-attachment":"scroll","background-type":"","background-media":"","overlay-type":"","overlay-color":"","overlay-opacity":"","overlay-gradient":""},"mobile":{"background-color":"var(--ast-global-color-4)","background-image":"","background-repeat":"repeat","background-position":"center center","background-size":"auto","background-attachment":"scroll","background-type":"","background-media":"","overlay-type":"","overlay-color":"","overlay-opacity":"","overlay-gradient":""}},"footnotes":""},"class_list":["post-676","page","type-page","status-publish","hentry"],"_links":{"self":[{"href":"https:\/\/marcoparis.lat\/index.php\/wp-json\/wp\/v2\/pages\/676","targetHints":{"allow":["GET"]}}],"collection":[{"href":"https:\/\/marcoparis.lat\/index.php\/wp-json\/wp\/v2\/pages"}],"about":[{"href":"https:\/\/marcoparis.lat\/index.php\/wp-json\/wp\/v2\/types\/page"}],"author":[{"embeddable":true,"href":"https:\/\/marcoparis.lat\/index.php\/wp-json\/wp\/v2\/users\/1"}],"replies":[{"embeddable":true,"href":"https:\/\/marcoparis.lat\/index.php\/wp-json\/wp\/v2\/comments?post=676"}],"version-history":[{"count":6,"href":"https:\/\/marcoparis.lat\/index.php\/wp-json\/wp\/v2\/pages\/676\/revisions"}],"predecessor-version":[{"id":1299,"href":"https:\/\/marcoparis.lat\/index.php\/wp-json\/wp\/v2\/pages\/676\/revisions\/1299"}],"wp:attachment":[{"href":"https:\/\/marcoparis.lat\/index.php\/wp-json\/wp\/v2\/media?parent=676"}],"curies":[{"name":"wp","href":"https:\/\/api.w.org\/{rel}","templated":true}]}}